{"id":16,"date":"2025-10-22T10:03:00","date_gmt":"2025-10-22T10:03:00","guid":{"rendered":"https:\/\/avado.fi\/?page_id=16"},"modified":"2025-10-28T07:37:16","modified_gmt":"2025-10-28T07:37:16","slug":"etusivu","status":"publish","type":"page","link":"https:\/\/avado.fi\/","title":{"rendered":"Etusivu"},"content":{"rendered":"\n<div class=\"wp-block-group alignfull is-layout-constrained wp-container-core-group-is-layout-304eb5ff wp-block-group-is-layout-constrained has-background\" style=\"padding-top:var(--wp--preset--spacing--70);padding-right:var(--wp--preset--spacing--30);padding-bottom:var(--wp--preset--spacing--70);padding-left:var(--wp--preset--spacing--30);background-image:url(&apos;https:\/\/avado.fi\/wp-content\/uploads\/2025\/10\/AdobeStock_222247472-scaled.jpeg&apos;);background-position:50% 26%;background-size:cover;background-attachment:scroll;\">\n<div class=\"wp-block-columns alignwide is-layout-flex wp-container-core-columns-is-layout-c3f38971 wp-block-columns-is-layout-flex\" style=\"margin-top:0;margin-bottom:0;padding-top:0;padding-right:0;padding-bottom:0;padding-left:0\">\n<div class=\"wp-block-column is-vertically-aligned-center is-layout-flow wp-container-core-column-is-layout-90ccba5b wp-block-column-is-layout-flow\" style=\"border-top-left-radius:600px;border-top-right-radius:600px;border-bottom-left-radius:0px;border-bottom-right-radius:0px;padding-top:var(--wp--preset--spacing--80);padding-right:var(--wp--preset--spacing--60);padding-bottom:var(--wp--preset--spacing--60);padding-left:var(--wp--preset--spacing--60);flex-basis:40%\"><\/div>\n\n\n\n<div class=\"wp-block-column is-vertically-aligned-center has-background is-layout-flow wp-container-core-column-is-layout-0a9cfb0d wp-block-column-is-layout-flow\" style=\"border-top-left-radius:600px;border-top-right-radius:600px;border-bottom-left-radius:600px;border-bottom-right-radius:600px;background-color:#e60023;padding-top:var(--wp--preset--spacing--80);padding-right:var(--wp--preset--spacing--60);padding-bottom:var(--wp--preset--spacing--80);padding-left:var(--wp--preset--spacing--60);box-shadow:var(--wp--preset--shadow--natural);flex-basis:40%\">\n<h2 class=\"wp-block-heading has-text-align-center has-white-color has-text-color has-link-color wp-elements-0575f8e0f2b6b007a9e39d14bb4e2ac9\" style=\"margin-top:var(--wp--preset--spacing--40);margin-right:0;margin-bottom:var(--wp--preset--spacing--40);margin-left:0;padding-right:0;padding-left:0;font-style:normal;font-weight:400;line-height:1.3\">Helposti l\u00e4hestytt\u00e4v\u00e4 ja <br>luotettava kumppani<br> sinulle, joka arvostat hyv\u00e4\u00e4 <br>asiakaspalvelua ja ammattitaitoa.<\/h2>\n\n\n\n<p class=\"has-text-align-center has-white-color has-text-color has-link-color wp-elements-f36d715e480eecc358a6a237d17775fc\">Katson kanssasi yritystoimintaasi laajemmin ja pureudun lukuihin kirjanpidon takana. Helpotan arkeasi olemalla ajatteleva, t\u00e4sm\u00e4llinen <br>ja ripe\u00e4.<\/p>\n<\/div>\n<\/div>\n<\/div>\n\n\n\n<div class=\"wp-block-group alignfull is-layout-constrained wp-container-core-group-is-layout-83764e2c wp-block-group-is-layout-constrained\" style=\"padding-top:var(--wp--preset--spacing--70);padding-right:0;padding-bottom:var(--wp--preset--spacing--70);padding-left:0\">\n<div class=\"wp-block-columns alignwide is-layout-flex wp-container-core-columns-is-layout-f5a44f5b wp-block-columns-is-layout-flex\">\n<div class=\"wp-block-column is-vertically-aligned-center is-layout-flow wp-block-column-is-layout-flow\" style=\"padding-right:var(--wp--preset--spacing--30);padding-left:var(--wp--preset--spacing--30);flex-basis:35%\">\n<figure class=\"wp-block-image aligncenter size-full has-custom-border is-style-rounded\"><img loading=\"lazy\" decoding=\"async\" width=\"600\" height=\"600\" src=\"https:\/\/avado.fi\/wp-content\/uploads\/2025\/10\/Eeva_Villanen_Avado.png\" alt=\"\" class=\"wp-image-50\" style=\"border-top-left-radius:600px;border-top-right-radius:600px;border-bottom-left-radius:600px;border-bottom-right-radius:600px\" srcset=\"https:\/\/avado.fi\/wp-content\/uploads\/2025\/10\/Eeva_Villanen_Avado.png 600w, https:\/\/avado.fi\/wp-content\/uploads\/2025\/10\/Eeva_Villanen_Avado-300x300.png 300w, https:\/\/avado.fi\/wp-content\/uploads\/2025\/10\/Eeva_Villanen_Avado-150x150.png 150w\" sizes=\"auto, (max-width: 600px) 100vw, 600px\" \/><\/figure>\n<\/div>\n\n\n\n<div class=\"wp-block-column is-vertically-aligned-center is-layout-flow wp-block-column-is-layout-flow\" style=\"padding-right:var(--wp--preset--spacing--30);padding-left:var(--wp--preset--spacing--30);flex-basis:60%\">\n<h2 class=\"wp-block-heading has-custom-punainen-color has-text-color has-link-color wp-elements-9e6d6d4a25c2c711ddef1d7bf4386435\" style=\"margin-top:var(--wp--preset--spacing--50);margin-bottom:var(--wp--preset--spacing--40);line-height:1.3\">Minulla on aina aikaa sek\u00e4 sinulle ett\u00e4 yrityksellesi.<\/h2>\n\n\n\n<p>Olen reipas, iloinen ja motivoitunut. Numerotarkkuus, t\u00f6iden sujuvuus ja huolellisuus ovat osa minua. Ty\u00f6skentelen sovituissa aikatauluissa.<\/p>\n\n\n\n<p>Minulla on vankka kokemus rahoitusalalta ja yritt\u00e4jyydest\u00e4. Olen innokas oppimaan uutta ja valmis tekem\u00e4\u00e4n t\u00f6it\u00e4 oppiakseni alasta lis\u00e4\u00e4. <\/p>\n\n\n\n<p class=\"has-link-color wp-elements-5deef7ca21f636a8af1102f24c33105b\">Palvelen sinua henkil\u00f6kohtaisesti \u2013 <a href=\"https:\/\/avado.fi\/index.php\/yhteystiedot\/\"><strong>Ota yhteytt\u00e4!<\/strong><\/a><\/p>\n\n\n\n<p>Terveisin<br>Eeva Villanen<\/p>\n<\/div>\n<\/div>\n<\/div>\n\n\n\n<div class=\"wp-block-group alignfull has-custom-vaaleanharmaa-background-color has-background is-layout-constrained wp-container-core-group-is-layout-555c2a74 wp-block-group-is-layout-constrained\" style=\"padding-top:var(--wp--preset--spacing--70);padding-right:var(--wp--preset--spacing--30);padding-bottom:var(--wp--preset--spacing--70);padding-left:var(--wp--preset--spacing--30);background-image:url(&apos;https:\/\/avado.fi\/wp-content\/uploads\/2025\/10\/AdobeStock_1666435503-scaled.jpeg&apos;);background-position:40% 50%;background-size:cover;\">\n<div class=\"wp-block-columns alignwide is-layout-flex wp-container-core-columns-is-layout-18769390 wp-block-columns-is-layout-flex\" style=\"margin-top:0;margin-bottom:0;padding-top:0;padding-right:0;padding-bottom:0;padding-left:0\">\n<div class=\"wp-block-column is-layout-flow wp-block-column-is-layout-flow\" style=\"flex-basis:50%\"><\/div>\n\n\n\n<div class=\"wp-block-column is-vertically-aligned-center has-background is-layout-flow wp-container-core-column-is-layout-6557a378 wp-block-column-is-layout-flow\" style=\"border-top-left-radius:400px;border-top-right-radius:400px;border-bottom-left-radius:400px;border-bottom-right-radius:400px;background-color:#fafafa;padding-top:var(--wp--preset--spacing--80);padding-right:0;padding-bottom:var(--wp--preset--spacing--80);padding-left:0;box-shadow:var(--wp--preset--shadow--natural);flex-basis:60%\">\n<h2 class=\"wp-block-heading has-text-align-center has-custom-punainen-color has-text-color has-link-color wp-elements-c5927aa3e665d925ca9a26a86d19148b\" style=\"margin-top:var(--wp--preset--spacing--60);margin-bottom:var(--wp--preset--spacing--40);line-height:1.2\">Taloushallintopalveluina<br>tarjoan sinulle<\/h2>\n\n\n\n<p class=\"has-text-align-center has-black-color has-text-color has-link-color wp-elements-6948c84108fec048fe48b6fd73cae8a5\" style=\"font-size:18px\">Kirjanpito ja alv-laskenta<\/p>\n\n\n\n<p class=\"has-text-align-center has-link-color wp-elements-865060c69ef6902b15069ba43031b12f\" style=\"font-size:18px\">Palkanlaskenta<\/p>\n\n\n\n<p class=\"has-text-align-center has-link-color wp-elements-9e1433e8c399a99dd21ad580a7b9f336\" style=\"font-size:18px\">Tilinp\u00e4\u00e4t\u00f6kset<\/p>\n\n\n\n<p class=\"has-text-align-center has-link-color wp-elements-cb53d8561983b4d9925a6de2372dabd0\" style=\"font-size:18px\">Veroilmoitukset<\/p>\n\n\n\n<p class=\"has-text-align-center has-link-color wp-elements-2c6ea542701dc1f619b1c01d0155a306\" style=\"font-size:18px\">Yrityksen perustaminen<br>ja muutokset<\/p>\n<\/div>\n<\/div>\n<\/div>\n","protected":false},"excerpt":{"rendered":"<p>Helposti l\u00e4hestytt\u00e4v\u00e4 ja luotettava kumppani sinulle, joka arvostat hyv\u00e4\u00e4 asiakaspalvelua ja ammattitaitoa. Katson kanssasi yritystoimintaasi laajemmin ja pureudun lukuihin kirjanpidon takana. Helpotan arkeasi olemalla ajatteleva, t\u00e4sm\u00e4llinen ja ripe\u00e4. Minulla on aina aikaa sek\u00e4 sinulle ett\u00e4 yrityksellesi. Olen reipas, iloinen ja motivoitunut. Numerotarkkuus, t\u00f6iden sujuvuus ja huolellisuus ovat osa minua. Ty\u00f6skentelen sovituissa aikatauluissa. Minulla on vankka [&hellip;]<\/p>\n","protected":false},"author":1,"featured_media":0,"parent":0,"menu_order":0,"comment_status":"closed","ping_status":"closed","template":"","meta":{"footnotes":""},"class_list":["post-16","page","type-page","status-publish","hentry"],"_links":{"self":[{"href":"https:\/\/avado.fi\/index.php\/wp-json\/wp\/v2\/pages\/16","targetHints":{"allow":["GET"]}}],"collection":[{"href":"https:\/\/avado.fi\/index.php\/wp-json\/wp\/v2\/pages"}],"about":[{"href":"https:\/\/avado.fi\/index.php\/wp-json\/wp\/v2\/types\/page"}],"author":[{"embeddable":true,"href":"https:\/\/avado.fi\/index.php\/wp-json\/wp\/v2\/users\/1"}],"replies":[{"embeddable":true,"href":"https:\/\/avado.fi\/index.php\/wp-json\/wp\/v2\/comments?post=16"}],"version-history":[{"count":133,"href":"https:\/\/avado.fi\/index.php\/wp-json\/wp\/v2\/pages\/16\/revisions"}],"predecessor-version":[{"id":289,"href":"https:\/\/avado.fi\/index.php\/wp-json\/wp\/v2\/pages\/16\/revisions\/289"}],"wp:attachment":[{"href":"https:\/\/avado.fi\/index.php\/wp-json\/wp\/v2\/media?parent=16"}],"curies":[{"name":"wp","href":"https:\/\/api.w.org\/{rel}","templated":true}]}}